{"id":15,"date":"2019-03-20T15:48:47","date_gmt":"2019-03-20T14:48:47","guid":{"rendered":"http:\/\/solutionsrse.net\/?page_id=15"},"modified":"2020-08-17T22:10:03","modified_gmt":"2020-08-17T20:10:03","slug":"pourquoi-solutions-rse","status":"publish","type":"page","link":"https:\/\/solutionsrse.net\/","title":{"rendered":"Pourquoi SOLUTIONS-RSE ?"},"content":{"rendered":"\n<p><\/p>\n\n\n\n<p>N\u00e9 en 2011 de la <strong>rencontre de 4 acteurs de l&#8217;ESS porteurs de solutions op\u00e9rationnelles de mobilisation et d&#8217;engagement solidaire des collaborateurs<\/strong>, ce collectif informel a d\u00e9cid\u00e9 de mutualiser sa parole et ses expertises au travers d&#8217;<strong>\u00e9v\u00e8nements informatifs semestriels et annuels communs et r\u00e9guliers<\/strong> : matin\u00e9es de retours d&#8217;exp\u00e9riences clients, salons professionnels RSE\/RH notamment comme <strong>Produrable<\/strong> chaque ann\u00e9e. <\/p>\n\n\n\n<p>Notre objectif chez <strong>SOLUTIONS-RSE<\/strong> est simple : vous d\u00e9livrer r\u00e9guli\u00e8rement des <strong>exemples de bonnes pratiques d\u00e9ploy\u00e9es au travers de nos solutions<\/strong> et de nos outils, afin d&#8217;alimenter votre r\u00e9flexion op\u00e9rationnelle que vous soyez DRH, responsable RSE ou Fondation d&#8217;entreprise, et vous proposer d&#8217;impl\u00e9menter une ou plusieurs de nos dynamiques d&#8217;engagement solidaire.<\/p>\n\n\n\n<p>C&#8217;est en tissant des <strong>partenariats entre vos collaborateurs et des acteurs de l&#8217;int\u00e9r\u00eat g\u00e9n\u00e9ral<\/strong> et en leur faisant accompagner concr\u00e8tement des enjeux soci\u00e9taux forts (pr\u00e9carit\u00e9, \u00e9ducation, environnement, etc) que nous avons construit une approche commune partag\u00e9 par l&#8217;ensemble du collectif <strong>SOLUTIONS-RSE<\/strong>.<\/p>\n\n\n\n<p>Ce collectif original et in\u00e9dit r\u00e9uni :<\/p>\n\n\n\n<ul><li><a href=\"https:\/\/www.ateliersdurables.com\/\">Les Ateliers Durables<\/a>, avec des formations d\u00e9di\u00e9es bien-\u00eatre\/QVT<\/li><li><a href=\"https:\/\/www.koeo.net\/\">KOEO<\/a>, avec des dynamiques de m\u00e9c\u00e9nat de comp\u00e9tences et de journ\u00e9es solidaires<\/li><li><a href=\"https:\/\/www.microdon.org\/\">microDON<\/a>, avec le don sur salaire<\/li><li><a href=\"https:\/\/planete-urgence.org\/\">Plan\u00e8te Urgence<\/a>, avec le cong\u00e9 solidaire(c)<\/li><\/ul>\n\n\n\n<p>Retrouvez nos \u00e9v\u00e8nements communs <a href=\"http:\/\/solutionsrse.net\/index.php\/nos-actus\/\">ici<\/a>, pass\u00e9s et \u00e0 venir, ou contactez-nous pour d\u00e9couvrir une ou plusieurs de nos solutions : <em>hello[a]solutionsrse.net<\/em>.<\/p>\n\n\n\n<div class=\"wp-block-image\"><figure class=\"alignleft is-resized\"><img loading=\"lazy\" src=\"http:\/\/solutionsrse.net\/wp-content\/uploads\/2020\/08\/LAD-serre-300x193.png\" alt=\"\" class=\"wp-image-85\" width=\"225\" height=\"145\" srcset=\"https:\/\/solutionsrse.net\/wp-content\/uploads\/2020\/08\/LAD-serre-300x193.png 300w, https:\/\/solutionsrse.net\/wp-content\/uploads\/2020\/08\/LAD-serre.png 632w\" sizes=\"(max-width: 225px) 100vw, 225px\" \/><\/figure><\/div>\n\n\n\n<figure class=\"wp-block-image is-resized\"><img loading=\"lazy\" src=\"http:\/\/solutionsrse.net\/wp-content\/uploads\/2020\/08\/New-logo-KOEO-300x290.gif\" alt=\"\" class=\"wp-image-86\" width=\"225\" height=\"218\" srcset=\"https:\/\/solutionsrse.net\/wp-content\/uploads\/2020\/08\/New-logo-KOEO-300x290.gif 300w, https:\/\/solutionsrse.net\/wp-content\/uploads\/2020\/08\/New-logo-KOEO-768x742.gif 768w, https:\/\/solutionsrse.net\/wp-content\/uploads\/2020\/08\/New-logo-KOEO-1024x990.gif 1024w\" sizes=\"(max-width: 225px) 100vw, 225px\" \/><\/figure>\n\n\n\n<div class=\"wp-block-image\"><figure class=\"alignleft is-resized\"><img loading=\"lazy\" src=\"http:\/\/solutionsrse.net\/wp-content\/uploads\/2020\/08\/logo_microDON_new-300x170.png\" alt=\"\" class=\"wp-image-87\" width=\"150\" height=\"85\" srcset=\"https:\/\/solutionsrse.net\/wp-content\/uploads\/2020\/08\/logo_microDON_new-300x170.png 300w, https:\/\/solutionsrse.net\/wp-content\/uploads\/2020\/08\/logo_microDON_new-768x436.png 768w, https:\/\/solutionsrse.net\/wp-content\/uploads\/2020\/08\/logo_microDON_new-1024x581.png 1024w\" sizes=\"(max-width: 150px) 100vw, 150px\" \/><\/figure><\/div>\n\n\n\n<figure class=\"wp-block-image is-resized\"><img loading=\"lazy\" src=\"http:\/\/solutionsrse.net\/wp-content\/uploads\/2020\/08\/logo-planete-urgence-177-300x199.png\" alt=\"\" class=\"wp-image-89\" width=\"225\" height=\"149\" srcset=\"https:\/\/solutionsrse.net\/wp-content\/uploads\/2020\/08\/logo-planete-urgence-177-300x199.png 300w, https:\/\/solutionsrse.net\/wp-content\/uploads\/2020\/08\/logo-planete-urgence-177-768x509.png 768w, https:\/\/solutionsrse.net\/wp-content\/uploads\/2020\/08\/logo-planete-urgence-177-1024x679.png 1024w, https:\/\/solutionsrse.net\/wp-content\/uploads\/2020\/08\/logo-planete-urgence-177.png 1772w\" sizes=\"(max-width: 225px) 100vw, 225px\" \/><\/figure>\n\n\n\n<p><strong>Construisons ensemble d\u00e8s aujourd&#8217;hui l&#8217;engagement solidaire de votre organisation !&nbsp;#RSE&nbsp;#RH<\/strong><\/p>\n","protected":false},"excerpt":{"rendered":"<p>N\u00e9 en 2011 de la rencontre de 4 acteurs de l&#8217;ESS porteurs de solutions op\u00e9rationnelles de mobilisation et d&#8217;engagement solidaire<\/p>\n<p><a href=\"https:\/\/solutionsrse.net\/\" class=\"more-link\">Continue reading<span class=\"screen-reader-text\">Pourquoi SOLUTIONS-RSE ?<\/span><\/a><\/p>\n","protected":false},"author":1,"featured_media":80,"parent":0,"menu_order":0,"comment_status":"closed","ping_status":"closed","template":"","meta":[],"_links":{"self":[{"href":"https:\/\/solutionsrse.net\/index.php\/wp-json\/wp\/v2\/pages\/15"}],"collection":[{"href":"https:\/\/solutionsrse.net\/index.php\/wp-json\/wp\/v2\/pages"}],"about":[{"href":"https:\/\/solutionsrse.net\/index.php\/wp-json\/wp\/v2\/types\/page"}],"author":[{"embeddable":true,"href":"https:\/\/solutionsrse.net\/index.php\/wp-json\/wp\/v2\/users\/1"}],"replies":[{"embeddable":true,"href":"https:\/\/solutionsrse.net\/index.php\/wp-json\/wp\/v2\/comments?post=15"}],"version-history":[{"count":31,"href":"https:\/\/solutionsrse.net\/index.php\/wp-json\/wp\/v2\/pages\/15\/revisions"}],"predecessor-version":[{"id":98,"href":"https:\/\/solutionsrse.net\/index.php\/wp-json\/wp\/v2\/pages\/15\/revisions\/98"}],"wp:featuredmedia":[{"embeddable":true,"href":"https:\/\/solutionsrse.net\/index.php\/wp-json\/wp\/v2\/media\/80"}],"wp:attachment":[{"href":"https:\/\/solutionsrse.net\/index.php\/wp-json\/wp\/v2\/media?parent=15"}],"curies":[{"name":"wp","href":"https:\/\/api.w.org\/{rel}","templated":true}]}}